{"id":510,"date":"2025-07-25T18:17:28","date_gmt":"2025-07-25T14:17:28","guid":{"rendered":"https:\/\/bal.agence4y.fr\/?page_id=510"},"modified":"2025-11-27T21:04:52","modified_gmt":"2025-11-27T17:04:52","slug":"contact","status":"publish","type":"page","link":"https:\/\/bal.agence4y.fr\/index.php\/contact\/","title":{"rendered":"Contact"},"content":{"rendered":"<style>.kb-row-layout-id510_e40d2c-7d > .kt-row-column-wrap{align-content:start;}:where(.kb-row-layout-id510_e40d2c-7d > .kt-row-column-wrap) > .wp-block-kadence-column{justify-content:start;}.kb-row-layout-id510_e40d2c-7d > .kt-row-column-wrap{column-gap:var(--global-kb-gap-md, 2rem);row-gap:var(--global-kb-gap-md, 2rem);max-width:var( --global-content-width, 1290px );padding-left:var(--global-content-edge-padding);padding-right:var(--global-content-edge-padding);padding-top:var(--global-kb-spacing-3xl, 6.5rem);padding-bottom:var(--global-kb-spacing-xxl, 5rem);grid-template-columns:minmax(0, 1fr);}.kb-row-layout-id510_e40d2c-7d > .kt-row-layout-overlay{opacity:0.30;}@media all and (max-width: 1024px){.kb-row-layout-id510_e40d2c-7d > .kt-row-column-wrap{grid-template-columns:minmax(0, 1fr);}}@media all and (max-width: 767px){.kb-row-layout-id510_e40d2c-7d > .kt-row-column-wrap{padding-right:var(--global-kb-spacing-sm, 1.5rem);padding-left:var(--global-kb-spacing-sm, 1.5rem);grid-template-columns:minmax(0, 1fr);}}<\/style><div class=\"kb-row-layout-wrap kb-row-layout-id510_e40d2c-7d alignfull wp-block-kadence-rowlayout\"><div class=\"kt-row-column-wrap kt-has-1-columns kt-row-layout-equal kt-tab-layout-inherit kt-mobile-layout-row kt-row-valign-top kb-theme-content-width\">\n<style>.kadence-column510_602440-40 > .kt-inside-inner-col{display:flex;}.kadence-column510_602440-40 > .kt-inside-inner-col,.kadence-column510_602440-40 > .kt-inside-inner-col:before{border-top-left-radius:0px;border-top-right-radius:0px;border-bottom-right-radius:0px;border-bottom-left-radius:0px;}.kadence-column510_602440-40 > .kt-inside-inner-col{column-gap:var(--global-kb-gap-sm, 1rem);}.kadence-column510_602440-40 > .kt-inside-inner-col{flex-direction:column;justify-content:center;align-items:center;}.kadence-column510_602440-40 > .kt-inside-inner-col > .kb-image-is-ratio-size{align-self:stretch;}.kadence-column510_602440-40 > .kt-inside-inner-col > .wp-block-kadence-advancedgallery{align-self:stretch;}.kadence-column510_602440-40 > .kt-inside-inner-col > .aligncenter{width:100%;}.kt-row-column-wrap > .kadence-column510_602440-40{align-self:center;}.kt-inner-column-height-full:not(.kt-has-1-columns) > .wp-block-kadence-column.kadence-column510_602440-40{align-self:auto;}.kt-inner-column-height-full:not(.kt-has-1-columns) > .wp-block-kadence-column.kadence-column510_602440-40 > .kt-inside-inner-col{flex-direction:column;justify-content:center;}.kadence-column510_602440-40 > .kt-inside-inner-col:before{opacity:0.3;}.kadence-column510_602440-40{text-align:center;}.kadence-column510_602440-40{position:relative;}@media all and (max-width: 1024px){.kt-row-column-wrap > .kadence-column510_602440-40{align-self:center;}}@media all and (max-width: 1024px){.kt-inner-column-height-full:not(.kt-has-1-columns) > .wp-block-kadence-column.kadence-column510_602440-40{align-self:auto;}}@media all and (max-width: 1024px){.kt-inner-column-height-full:not(.kt-has-1-columns) > .wp-block-kadence-column.kadence-column510_602440-40 > .kt-inside-inner-col{flex-direction:column;justify-content:center;}}@media all and (max-width: 1024px){.kadence-column510_602440-40 > .kt-inside-inner-col{flex-direction:column;justify-content:center;align-items:center;}}@media all and (max-width: 767px){.kt-row-column-wrap > .kadence-column510_602440-40{align-self:center;}.kt-inner-column-height-full:not(.kt-has-1-columns) > .wp-block-kadence-column.kadence-column510_602440-40{align-self:auto;}.kt-inner-column-height-full:not(.kt-has-1-columns) > .wp-block-kadence-column.kadence-column510_602440-40 > .kt-inside-inner-col{flex-direction:column;justify-content:center;}.kadence-column510_602440-40 > .kt-inside-inner-col{flex-direction:column;justify-content:center;align-items:center;}}<\/style>\n<div class=\"wp-block-kadence-column kadence-column510_602440-40\"><div class=\"kt-inside-inner-col\"><style>.wp-block-kadence-advancedheading.kt-adv-heading510_61f245-c8, .wp-block-kadence-advancedheading.kt-adv-heading510_61f245-c8[data-kb-block=\"kb-adv-heading510_61f245-c8\"]{font-style:normal;}.wp-block-kadence-advancedheading.kt-adv-heading510_61f245-c8 mark.kt-highlight, .wp-block-kadence-advancedheading.kt-adv-heading510_61f245-c8[data-kb-block=\"kb-adv-heading510_61f245-c8\"] mark.kt-highlight{font-style:normal;color:#f76a0c;-webkit-box-decoration-break:clone;box-decoration-break:clone;padding-top:0px;padding-right:0px;padding-bottom:0px;padding-left:0px;}.wp-block-kadence-advancedheading.kt-adv-heading510_61f245-c8 img.kb-inline-image, .wp-block-kadence-advancedheading.kt-adv-heading510_61f245-c8[data-kb-block=\"kb-adv-heading510_61f245-c8\"] img.kb-inline-image{width:150px;vertical-align:baseline;}<\/style>\n<h6 class=\"kt-adv-heading510_61f245-c8 wp-block-kadence-advancedheading\" data-kb-block=\"kb-adv-heading510_61f245-c8\">Le Bal des 4 Royaumes est organis\u00e9 par l\u2019AGENCE 4Y, une agence \u00e9v\u00e9nementielle r\u00e9unionnaise sp\u00e9cialis\u00e9e dans le cosplay.<br><br>Nous sommes une \u00e9quipe de 4 passionn\u00e9es, habitu\u00e9es \u00e0 concevoir des univers fantastiques, des spectacles vivants et des \u00e9v\u00e9nements sur mesure.<br><br>Nous imaginons des exp\u00e9riences uniques pour faire vivre des moments inoubliables au public r\u00e9unionnais.<br><br>D\u00e9couvrez l\u2019agence sur <strong>agence4y.fr<\/strong><\/h6>\n<\/div><\/div>\n\n\n<style>.kadence-column510_6892d4-ab > .kt-inside-inner-col{display:flex;}.kadence-column510_6892d4-ab > .kt-inside-inner-col,.kadence-column510_6892d4-ab > .kt-inside-inner-col:before{border-top-left-radius:0px;border-top-right-radius:0px;border-bottom-right-radius:0px;border-bottom-left-radius:0px;}.kadence-column510_6892d4-ab > .kt-inside-inner-col{column-gap:var(--global-kb-gap-sm, 1rem);}.kadence-column510_6892d4-ab > .kt-inside-inner-col{flex-direction:column;justify-content:center;align-items:center;}.kadence-column510_6892d4-ab > .kt-inside-inner-col > .kb-image-is-ratio-size{align-self:stretch;}.kadence-column510_6892d4-ab > .kt-inside-inner-col > .wp-block-kadence-advancedgallery{align-self:stretch;}.kadence-column510_6892d4-ab > .kt-inside-inner-col > .aligncenter{width:100%;}.kt-row-column-wrap > .kadence-column510_6892d4-ab{align-self:center;}.kt-inner-column-height-full:not(.kt-has-1-columns) > .wp-block-kadence-column.kadence-column510_6892d4-ab{align-self:auto;}.kt-inner-column-height-full:not(.kt-has-1-columns) > .wp-block-kadence-column.kadence-column510_6892d4-ab > .kt-inside-inner-col{flex-direction:column;justify-content:center;}.kadence-column510_6892d4-ab > .kt-inside-inner-col:before{opacity:0.3;}.kadence-column510_6892d4-ab{text-align:center;}.kadence-column510_6892d4-ab{position:relative;}@media all and (max-width: 1024px){.kt-row-column-wrap > .kadence-column510_6892d4-ab{align-self:center;}}@media all and (max-width: 1024px){.kt-inner-column-height-full:not(.kt-has-1-columns) > .wp-block-kadence-column.kadence-column510_6892d4-ab{align-self:auto;}}@media all and (max-width: 1024px){.kt-inner-column-height-full:not(.kt-has-1-columns) > .wp-block-kadence-column.kadence-column510_6892d4-ab > .kt-inside-inner-col{flex-direction:column;justify-content:center;}}@media all and (max-width: 1024px){.kadence-column510_6892d4-ab > .kt-inside-inner-col{flex-direction:column;justify-content:center;align-items:center;}}@media all and (max-width: 767px){.kt-row-column-wrap > .kadence-column510_6892d4-ab{align-self:center;}.kt-inner-column-height-full:not(.kt-has-1-columns) > .wp-block-kadence-column.kadence-column510_6892d4-ab{align-self:auto;}.kt-inner-column-height-full:not(.kt-has-1-columns) > .wp-block-kadence-column.kadence-column510_6892d4-ab > .kt-inside-inner-col{flex-direction:column;justify-content:center;}.kadence-column510_6892d4-ab > .kt-inside-inner-col{flex-direction:column;justify-content:center;align-items:center;}}<\/style>\n<div class=\"wp-block-kadence-column kadence-column510_6892d4-ab\"><div class=\"kt-inside-inner-col\"><style>.wp-block-kadence-advancedheading.kt-adv-heading510_bfb1b8-b9, .wp-block-kadence-advancedheading.kt-adv-heading510_bfb1b8-b9[data-kb-block=\"kb-adv-heading510_bfb1b8-b9\"]{margin-top:20px;text-align:center;font-size:var(--global-kb-font-size-xl, 3rem);line-height:1.2em;font-style:normal;}.wp-block-kadence-advancedheading.kt-adv-heading510_bfb1b8-b9 mark.kt-highlight, .wp-block-kadence-advancedheading.kt-adv-heading510_bfb1b8-b9[data-kb-block=\"kb-adv-heading510_bfb1b8-b9\"] mark.kt-highlight{font-style:normal;color:#f76a0c;-webkit-box-decoration-break:clone;box-decoration-break:clone;padding-top:0px;padding-right:0px;padding-bottom:0px;padding-left:0px;}.wp-block-kadence-advancedheading.kt-adv-heading510_bfb1b8-b9 img.kb-inline-image, .wp-block-kadence-advancedheading.kt-adv-heading510_bfb1b8-b9[data-kb-block=\"kb-adv-heading510_bfb1b8-b9\"] img.kb-inline-image{width:150px;vertical-align:baseline;}<\/style>\n<h2 class=\"kt-adv-heading510_bfb1b8-b9 wp-block-kadence-advancedheading has-theme-palette-8-color has-text-color\" data-kb-block=\"kb-adv-heading510_bfb1b8-b9\">Nous contacter<\/h2>\n\n\n\n<p class=\"has-text-align-left has-theme-palette-9-color has-text-color has-link-color wp-elements-fb8c26c0d6528d549aca56afef2aedf0\">Vous avez des questions, des suggestions ou une demande particuli\u00e8re ? Contactez nous !<\/p>\n<\/div><\/div>\n\n\n<style>.kadence-column510_90effd-93 > .kt-inside-inner-col,.kadence-column510_90effd-93 > .kt-inside-inner-col:before{border-top-left-radius:0px;border-top-right-radius:0px;border-bottom-right-radius:0px;border-bottom-left-radius:0px;}.kadence-column510_90effd-93 > .kt-inside-inner-col{column-gap:var(--global-kb-gap-sm, 1rem);}.kadence-column510_90effd-93 > .kt-inside-inner-col{flex-direction:column;}.kadence-column510_90effd-93 > .kt-inside-inner-col > .aligncenter{width:100%;}.kadence-column510_90effd-93 > .kt-inside-inner-col:before{opacity:0.3;}.kadence-column510_90effd-93{position:relative;}@media all and (max-width: 1024px){.kadence-column510_90effd-93 > .kt-inside-inner-col{flex-direction:column;justify-content:center;}}@media all and (max-width: 767px){.kadence-column510_90effd-93 > .kt-inside-inner-col{flex-direction:column;justify-content:center;}}<\/style>\n<div class=\"wp-block-kadence-column kadence-column510_90effd-93\"><div class=\"kt-inside-inner-col\"><style>.wp-block-kadence-form.kadence-form-510_563bfc-a2.kb-form-wrap{margin-top:var(--global-kb-spacing-md, 2rem);}.kadence-form-510_563bfc-a2 .kb-form .kadence-blocks-form-field{padding-right:15px;padding-left:15px;}.kadence-form-510_563bfc-a2 .kb-form{margin-right:-15px;margin-left:-15px;}.kadence-form-510_563bfc-a2 .kb-form .kadence-blocks-form-field .kb-text-style-field, .kadence-form-510_563bfc-a2 .kb-form .kadence-blocks-form-field .kb-select-style-field{color:#000000;line-height:1em;background:var(--global-palette9, #ffffff);border-color:rgba(113, 128, 150, 0.4);}.kadence-form-510_563bfc-a2 .kb-form .kadence-blocks-form-field .kb-text-style-field:focus, .kadence-form-510_563bfc-a2 .kb-form .kadence-blocks-form-field .kb-select-style-field:focus{color:#000000;background:var(--global-palette9, #ffffff);}.kadence-form-510_563bfc-a2 .kb-form .kadence-blocks-form-field > label{color:var(--global-palette9, #ffffff);font-style:normal;font-weight:inherit;}.kadence-form-510_563bfc-a2 .kb-form .kadence-blocks-form-field .kb-forms-submit{padding-top:4px;padding-right:16px;padding-bottom:4px;padding-left:16px;}.kadence-form-510_563bfc-a2 .kadence-blocks-form-message, .kadence-form-510_563bfc-a2 .kb-form-error-msg{font-style:normal;font-weight:inherit;}.kb-form input.kadence-blocks-field.verify{opacity:0.0;position:absolute;top:0.0;left:0.0;width:0.0;height:0.0;z-index:-1;}<\/style>\n<div class=\"wp-block-kadence-form kadence-form-510_563bfc-a2 kb-form-wrap\"><form class=\"kb-form\" action=\"\" method=\"post\" data-error-message=\"Veuillez corriger les erreurs afin de poursuivre votre envoi.\"><div class=\"kadence-blocks-form-field kb-field-desk-width-100 kb-field-tablet-width-50 kb-field-mobile-width-100 kb-input-size-standard\"><label for=\"kb_field_510_563bfc-a2_0\">Nom et Pr\u00e9nom<span class=\"required\">*<\/span><\/label><input name=\"kb_field_0\" id=\"kb_field_510_563bfc-a2_0\" data-label=\"Nom et Pr\u00e9nom\" type=\"text\" placeholder=\"\" value=\"\" data-type=\"text\" class=\"kb-field kb-text-style-field kb-text-field kb-field-0\" data-required=\"yes\"\/><\/div><div class=\"kadence-blocks-form-field kb-form-field-1 kb-field-desk-width-100 kb-field-tablet-width-50 kb-field-mobile-width-100 kb-input-size-standard\"><label for=\"kb_field_510_563bfc-a2_1\">Num\u00e9ro de t\u00e9l\u00e9phone<span class=\"required\">*<\/span><\/label><input name=\"kb_field_1\" id=\"kb_field_510_563bfc-a2_1\" data-label=\"Num\u00e9ro de t\u00e9l\u00e9phone\" type=\"text\" placeholder=\"\" value=\"\" data-type=\"text\" class=\"kb-field kb-text-style-field kb-text-field kb-field-1\" data-required=\"yes\"\/><\/div><div class=\"kadence-blocks-form-field kb-form-field-2 kb-field-desk-width-100 kb-field-tablet-width-50 kb-field-mobile-width-100 kb-input-size-standard\"><label for=\"kb_field_510_563bfc-a2_2\">Email<span class=\"required\">*<\/span><\/label><input name=\"kb_field_2\" id=\"kb_field_510_563bfc-a2_2\" data-label=\"Email\" type=\"email\" placeholder=\"\" value=\"\" data-type=\"email\" class=\"kb-field kb-text-style-field kb-email-field kb-field-2\" data-required=\"yes\"\/><\/div><div class=\"kadence-blocks-form-field kb-form-field-3 kb-field-desk-width-100 kb-field-tablet-width-50 kb-field-mobile-width-100 kb-input-size-standard\"><label for=\"kb_field_510_563bfc-a2_3\">Soci\u00e9t\u00e9 \/ Organisme<\/label><input name=\"kb_field_3\" id=\"kb_field_510_563bfc-a2_3\" data-label=\"Soci\u00e9t\u00e9 \/ Organisme\" type=\"text\" placeholder=\"\" value=\"\" data-type=\"text\" class=\"kb-field kb-text-style-field kb-text-field kb-field-3\"\/><\/div><div class=\"kadence-blocks-form-field kb-form-field-4 kb-field-desk-width-100 kb-input-size-standard\"><label for=\"kb_field_510_563bfc-a2_4\">Objet<span class=\"required\">*<\/span><\/label><select name=\"kb_field_4\" id=\"kb_field_510_563bfc-a2_4\" data-label=\"Objet\" type=\"select\" value=\"\" data-type=\"select\" class=\"kb-field kb-select-style-field kb-select-field kb-field-4\" data-required=\"yes\"><option value=\"\" disabled selected>S\u00e9lectionnez un sujet<\/option><option value=\"Demande d'information\">Demande d&rsquo;information<\/option><option value=\"Achat en billetterie\">Achat en billetterie<\/option><option value=\"Devenir prestataire\">Devenir prestataire<\/option><option value=\"Autre\">Autre<\/option><\/select><\/div><div class=\"kadence-blocks-form-field kb-form-field-5 kb-field-desk-width-100 kb-input-size-standard\"><label for=\"kb_field_510_563bfc-a2_5\">Message<span class=\"required\">*<\/span><\/label><textarea name=\"kb_field_5\" id=\"kb_field_510_563bfc-a2_5\" data-label=\"Message\" type=\"textarea\" placeholder=\"\" data-type=\"textarea\" class=\"kb-field kb-text-style-field kb-textarea-field kb-field-5\" rows=\"10\" data-required=\"yes\"><\/textarea><\/div><input type=\"hidden\" name=\"_kb_form_id\" value=\"510_563bfc-a2\"\/><input type=\"hidden\" name=\"_kb_form_post_id\" value=\"510\"\/><input type=\"hidden\" name=\"action\" value=\"kb_process_ajax_submit\"\/><label class=\"kadence-verify-label\">Email<input class=\"kadence-blocks-field verify\" type=\"text\" name=\"_kb_verify_email\" autocomplete=\"new-password\" aria-hidden=\"true\" placeholder=\"Email\" tabindex=\"-1\" data-1p-ignore=\"true\" data-lpignore=\"true\" \/><\/label><div class=\"kadence-blocks-form-field kb-submit-field kb-field-desk-width-100\"><button class=\"kb-forms-submit button kb-button-size-custom kb-button-width-auto\">Envoyer<\/button><\/div><\/form><\/div>\n<noscript><div class=\"kadence-blocks-form-message kadence-blocks-form-warning\">Veuillez activer JavaScript dans votre navigateur pour envoyer le formulaire.<\/div><style>.kadence-form-510_563bfc-a2 .kadence-blocks-form-field.kb-submit-field { display: none; }<\/style><\/noscript><\/div><\/div>\n\n<\/div><\/div>\n\n\n<p><\/p>\n","protected":false},"excerpt":{"rendered":"<p>Le Bal des 4 Royaumes est organis\u00e9 par l\u2019AGENCE 4Y, une agence \u00e9v\u00e9nementielle r\u00e9unionnaise sp\u00e9cialis\u00e9e dans le cosplay. Nous sommes une \u00e9quipe de 4 passionn\u00e9es, habitu\u00e9es \u00e0 concevoir des univers fantastiques, des spectacles vivants et des \u00e9v\u00e9nements sur mesure. Nous imaginons des exp\u00e9riences uniques pour faire vivre des moments inoubliables au public r\u00e9unionnais. D\u00e9couvrez l\u2019agence&#8230;<\/p>\n","protected":false},"author":1,"featured_media":0,"parent":0,"menu_order":0,"comment_status":"closed","ping_status":"closed","template":"","meta":{"_kad_post_transparent":"","_kad_post_title":"","_kad_post_layout":"","_kad_post_sidebar_id":"","_kad_post_content_style":"","_kad_post_vertical_padding":"","_kad_post_feature":"","_kad_post_feature_position":"","_kad_post_header":false,"_kad_post_footer":false,"_kad_post_classname":"","footnotes":""},"class_list":["post-510","page","type-page","status-publish","hentry"],"_links":{"self":[{"href":"https:\/\/bal.agence4y.fr\/index.php\/wp-json\/wp\/v2\/pages\/510","targetHints":{"allow":["GET"]}}],"collection":[{"href":"https:\/\/bal.agence4y.fr\/index.php\/wp-json\/wp\/v2\/pages"}],"about":[{"href":"https:\/\/bal.agence4y.fr\/index.php\/wp-json\/wp\/v2\/types\/page"}],"author":[{"embeddable":true,"href":"https:\/\/bal.agence4y.fr\/index.php\/wp-json\/wp\/v2\/users\/1"}],"replies":[{"embeddable":true,"href":"https:\/\/bal.agence4y.fr\/index.php\/wp-json\/wp\/v2\/comments?post=510"}],"version-history":[{"count":14,"href":"https:\/\/bal.agence4y.fr\/index.php\/wp-json\/wp\/v2\/pages\/510\/revisions"}],"predecessor-version":[{"id":1221,"href":"https:\/\/bal.agence4y.fr\/index.php\/wp-json\/wp\/v2\/pages\/510\/revisions\/1221"}],"wp:attachment":[{"href":"https:\/\/bal.agence4y.fr\/index.php\/wp-json\/wp\/v2\/media?parent=510"}],"curies":[{"name":"wp","href":"https:\/\/api.w.org\/{rel}","templated":true}]}}