{"id":734,"date":"2025-07-31T13:26:38","date_gmt":"2025-07-31T09:26:38","guid":{"rendered":"https:\/\/bal.agence4y.fr\/?page_id=734"},"modified":"2025-07-31T13:26:38","modified_gmt":"2025-07-31T09:26:38","slug":"mentions-legales","status":"publish","type":"page","link":"https:\/\/bal.agence4y.fr\/index.php\/mentions-legales\/","title":{"rendered":"Mentions l\u00e9gales"},"content":{"rendered":"<style>.wp-block-kadence-advancedheading.kt-adv-heading734_cbc9fc-31, .wp-block-kadence-advancedheading.kt-adv-heading734_cbc9fc-31[data-kb-block=\"kb-adv-heading734_cbc9fc-31\"]{font-style:normal;}.wp-block-kadence-advancedheading.kt-adv-heading734_cbc9fc-31 mark.kt-highlight, .wp-block-kadence-advancedheading.kt-adv-heading734_cbc9fc-31[data-kb-block=\"kb-adv-heading734_cbc9fc-31\"] mark.kt-highlight{font-style:normal;color:#f76a0c;-webkit-box-decoration-break:clone;box-decoration-break:clone;padding-top:0px;padding-right:0px;padding-bottom:0px;padding-left:0px;}.wp-block-kadence-advancedheading.kt-adv-heading734_cbc9fc-31 img.kb-inline-image, .wp-block-kadence-advancedheading.kt-adv-heading734_cbc9fc-31[data-kb-block=\"kb-adv-heading734_cbc9fc-31\"] img.kb-inline-image{width:150px;vertical-align:baseline;}<\/style>\n<h1 class=\"kt-adv-heading734_cbc9fc-31 wp-block-kadence-advancedheading\" data-kb-block=\"kb-adv-heading734_cbc9fc-31\">Mentions l\u00e9gales<\/h1>\n\n\n<style>.wp-block-kadence-advancedheading.kt-adv-heading734_d6065c-d4, .wp-block-kadence-advancedheading.kt-adv-heading734_d6065c-d4[data-kb-block=\"kb-adv-heading734_d6065c-d4\"]{font-style:normal;}.wp-block-kadence-advancedheading.kt-adv-heading734_d6065c-d4 mark.kt-highlight, .wp-block-kadence-advancedheading.kt-adv-heading734_d6065c-d4[data-kb-block=\"kb-adv-heading734_d6065c-d4\"] mark.kt-highlight{font-style:normal;color:#f76a0c;-webkit-box-decoration-break:clone;box-decoration-break:clone;padding-top:0px;padding-right:0px;padding-bottom:0px;padding-left:0px;}.wp-block-kadence-advancedheading.kt-adv-heading734_d6065c-d4 img.kb-inline-image, .wp-block-kadence-advancedheading.kt-adv-heading734_d6065c-d4[data-kb-block=\"kb-adv-heading734_d6065c-d4\"] img.kb-inline-image{width:150px;vertical-align:baseline;}<\/style>\n<h3 class=\"kt-adv-heading734_d6065c-d4 wp-block-kadence-advancedheading\" data-kb-block=\"kb-adv-heading734_d6065c-d4\">\u00c9diteur du site<\/h3>\n\n\n<style>.wp-block-kadence-advancedheading.kt-adv-heading734_c1c01d-6b, .wp-block-kadence-advancedheading.kt-adv-heading734_c1c01d-6b[data-kb-block=\"kb-adv-heading734_c1c01d-6b\"]{font-style:normal;}.wp-block-kadence-advancedheading.kt-adv-heading734_c1c01d-6b mark.kt-highlight, .wp-block-kadence-advancedheading.kt-adv-heading734_c1c01d-6b[data-kb-block=\"kb-adv-heading734_c1c01d-6b\"] mark.kt-highlight{font-style:normal;color:#f76a0c;-webkit-box-decoration-break:clone;box-decoration-break:clone;padding-top:0px;padding-right:0px;padding-bottom:0px;padding-left:0px;}.wp-block-kadence-advancedheading.kt-adv-heading734_c1c01d-6b img.kb-inline-image, .wp-block-kadence-advancedheading.kt-adv-heading734_c1c01d-6b[data-kb-block=\"kb-adv-heading734_c1c01d-6b\"] img.kb-inline-image{width:150px;vertical-align:baseline;}<\/style>\n<p class=\"kt-adv-heading734_c1c01d-6b wp-block-kadence-advancedheading\" data-kb-block=\"kb-adv-heading734_c1c01d-6b\">Le site internet www.agence4y.fr est \u00e9dit\u00e9 par : Agence 4Y\nSoci\u00e9t\u00e9 SAS au capital de 1000 \u20ac\nImmatricul\u00e9e au Registre du Commerce et des Soci\u00e9t\u00e9s de Saint-Denis sous le num\u00e9ro SIRET : 93127230600016\nSi\u00e8ge social : 14 All\u00e9e des Primev\u00e8res 97490 Sainte Clotilde\nEmail : contact@agence4f.fr\nDirecteur de publication : Agence4Y<\/p>\n\n\n<style>.wp-block-kadence-advancedheading.kt-adv-heading734_88edad-4b, .wp-block-kadence-advancedheading.kt-adv-heading734_88edad-4b[data-kb-block=\"kb-adv-heading734_88edad-4b\"]{font-style:normal;}.wp-block-kadence-advancedheading.kt-adv-heading734_88edad-4b mark.kt-highlight, .wp-block-kadence-advancedheading.kt-adv-heading734_88edad-4b[data-kb-block=\"kb-adv-heading734_88edad-4b\"] mark.kt-highlight{font-style:normal;color:#f76a0c;-webkit-box-decoration-break:clone;box-decoration-break:clone;padding-top:0px;padding-right:0px;padding-bottom:0px;padding-left:0px;}.wp-block-kadence-advancedheading.kt-adv-heading734_88edad-4b img.kb-inline-image, .wp-block-kadence-advancedheading.kt-adv-heading734_88edad-4b[data-kb-block=\"kb-adv-heading734_88edad-4b\"] img.kb-inline-image{width:150px;vertical-align:baseline;}<\/style>\n<h3 class=\"kt-adv-heading734_88edad-4b wp-block-kadence-advancedheading\" data-kb-block=\"kb-adv-heading734_88edad-4b\">H\u00e9bergement<\/h3>\n\n\n<style>.wp-block-kadence-advancedheading.kt-adv-heading734_4e183e-ea, .wp-block-kadence-advancedheading.kt-adv-heading734_4e183e-ea[data-kb-block=\"kb-adv-heading734_4e183e-ea\"]{font-style:normal;}.wp-block-kadence-advancedheading.kt-adv-heading734_4e183e-ea mark.kt-highlight, .wp-block-kadence-advancedheading.kt-adv-heading734_4e183e-ea[data-kb-block=\"kb-adv-heading734_4e183e-ea\"] mark.kt-highlight{font-style:normal;color:#f76a0c;-webkit-box-decoration-break:clone;box-decoration-break:clone;padding-top:0px;padding-right:0px;padding-bottom:0px;padding-left:0px;}.wp-block-kadence-advancedheading.kt-adv-heading734_4e183e-ea img.kb-inline-image, .wp-block-kadence-advancedheading.kt-adv-heading734_4e183e-ea[data-kb-block=\"kb-adv-heading734_4e183e-ea\"] img.kb-inline-image{width:150px;vertical-align:baseline;}<\/style>\n<p class=\"kt-adv-heading734_4e183e-ea wp-block-kadence-advancedheading\" data-kb-block=\"kb-adv-heading734_4e183e-ea\">Le site est h\u00e9berg\u00e9 par : OVH<\/p>\n\n\n<style>.wp-block-kadence-advancedheading.kt-adv-heading734_939a0d-6f, .wp-block-kadence-advancedheading.kt-adv-heading734_939a0d-6f[data-kb-block=\"kb-adv-heading734_939a0d-6f\"]{font-style:normal;}.wp-block-kadence-advancedheading.kt-adv-heading734_939a0d-6f mark.kt-highlight, .wp-block-kadence-advancedheading.kt-adv-heading734_939a0d-6f[data-kb-block=\"kb-adv-heading734_939a0d-6f\"] mark.kt-highlight{font-style:normal;color:#f76a0c;-webkit-box-decoration-break:clone;box-decoration-break:clone;padding-top:0px;padding-right:0px;padding-bottom:0px;padding-left:0px;}.wp-block-kadence-advancedheading.kt-adv-heading734_939a0d-6f img.kb-inline-image, .wp-block-kadence-advancedheading.kt-adv-heading734_939a0d-6f[data-kb-block=\"kb-adv-heading734_939a0d-6f\"] img.kb-inline-image{width:150px;vertical-align:baseline;}<\/style>\n<h3 class=\"kt-adv-heading734_939a0d-6f wp-block-kadence-advancedheading\" data-kb-block=\"kb-adv-heading734_939a0d-6f\">Propri\u00e9t\u00e9 intellectuelle<\/h3>\n\n\n<style>.wp-block-kadence-advancedheading.kt-adv-heading734_5c2921-d9, .wp-block-kadence-advancedheading.kt-adv-heading734_5c2921-d9[data-kb-block=\"kb-adv-heading734_5c2921-d9\"]{font-style:normal;}.wp-block-kadence-advancedheading.kt-adv-heading734_5c2921-d9 mark.kt-highlight, .wp-block-kadence-advancedheading.kt-adv-heading734_5c2921-d9[data-kb-block=\"kb-adv-heading734_5c2921-d9\"] mark.kt-highlight{font-style:normal;color:#f76a0c;-webkit-box-decoration-break:clone;box-decoration-break:clone;padding-top:0px;padding-right:0px;padding-bottom:0px;padding-left:0px;}.wp-block-kadence-advancedheading.kt-adv-heading734_5c2921-d9 img.kb-inline-image, .wp-block-kadence-advancedheading.kt-adv-heading734_5c2921-d9[data-kb-block=\"kb-adv-heading734_5c2921-d9\"] img.kb-inline-image{width:150px;vertical-align:baseline;}<\/style>\n<p class=\"kt-adv-heading734_5c2921-d9 wp-block-kadence-advancedheading\" data-kb-block=\"kb-adv-heading734_5c2921-d9\">Tous les \u00e9l\u00e9ments (textes, images, logos, illustrations, etc.) pr\u00e9sents sur le site <a href=\"https:\/\/bal.agence4y.fr\" data-type=\"link\" data-id=\"bal.agence4y.fr\">bal.agence4y.fr<\/a> sont prot\u00e9g\u00e9s par les lois fran\u00e7aises et internationales relatives \u00e0 la propri\u00e9t\u00e9 intellectuelle. Toute reproduction, distribution, modification, adaptation ou publication des contenus sans autorisation pr\u00e9alable de l&rsquo;Agence 4Y est strictement interdite et pourra faire l&rsquo;objet de poursuites judiciaires.<\/p>\n\n\n<style>.wp-block-kadence-advancedheading.kt-adv-heading734_92226b-7e, .wp-block-kadence-advancedheading.kt-adv-heading734_92226b-7e[data-kb-block=\"kb-adv-heading734_92226b-7e\"]{font-style:normal;}.wp-block-kadence-advancedheading.kt-adv-heading734_92226b-7e mark.kt-highlight, .wp-block-kadence-advancedheading.kt-adv-heading734_92226b-7e[data-kb-block=\"kb-adv-heading734_92226b-7e\"] mark.kt-highlight{font-style:normal;color:#f76a0c;-webkit-box-decoration-break:clone;box-decoration-break:clone;padding-top:0px;padding-right:0px;padding-bottom:0px;padding-left:0px;}.wp-block-kadence-advancedheading.kt-adv-heading734_92226b-7e img.kb-inline-image, .wp-block-kadence-advancedheading.kt-adv-heading734_92226b-7e[data-kb-block=\"kb-adv-heading734_92226b-7e\"] img.kb-inline-image{width:150px;vertical-align:baseline;}<\/style>\n<h3 class=\"kt-adv-heading734_92226b-7e wp-block-kadence-advancedheading\" data-kb-block=\"kb-adv-heading734_92226b-7e\">Responsabilit\u00e9<\/h3>\n\n\n<style>.wp-block-kadence-advancedheading.kt-adv-heading734_4248e2-8d, .wp-block-kadence-advancedheading.kt-adv-heading734_4248e2-8d[data-kb-block=\"kb-adv-heading734_4248e2-8d\"]{font-style:normal;}.wp-block-kadence-advancedheading.kt-adv-heading734_4248e2-8d mark.kt-highlight, .wp-block-kadence-advancedheading.kt-adv-heading734_4248e2-8d[data-kb-block=\"kb-adv-heading734_4248e2-8d\"] mark.kt-highlight{font-style:normal;color:#f76a0c;-webkit-box-decoration-break:clone;box-decoration-break:clone;padding-top:0px;padding-right:0px;padding-bottom:0px;padding-left:0px;}.wp-block-kadence-advancedheading.kt-adv-heading734_4248e2-8d img.kb-inline-image, .wp-block-kadence-advancedheading.kt-adv-heading734_4248e2-8d[data-kb-block=\"kb-adv-heading734_4248e2-8d\"] img.kb-inline-image{width:150px;vertical-align:baseline;}<\/style>\n<p class=\"kt-adv-heading734_4248e2-8d wp-block-kadence-advancedheading\" data-kb-block=\"kb-adv-heading734_4248e2-8d\">L&rsquo;Agence 4Y s\u2019efforce de fournir des informations aussi pr\u00e9cises que possible. Toutefois, des erreurs ou omissions peuvent survenir. Agence 4Y ne pourra \u00eatre tenue responsable de l&rsquo;utilisation faite des informations fournies et de tout pr\u00e9judice direct ou indirect pouvant en d\u00e9couler.<\/p>\n\n\n<style>.wp-block-kadence-advancedheading.kt-adv-heading734_3573f6-72, .wp-block-kadence-advancedheading.kt-adv-heading734_3573f6-72[data-kb-block=\"kb-adv-heading734_3573f6-72\"]{font-style:normal;}.wp-block-kadence-advancedheading.kt-adv-heading734_3573f6-72 mark.kt-highlight, .wp-block-kadence-advancedheading.kt-adv-heading734_3573f6-72[data-kb-block=\"kb-adv-heading734_3573f6-72\"] mark.kt-highlight{font-style:normal;color:#f76a0c;-webkit-box-decoration-break:clone;box-decoration-break:clone;padding-top:0px;padding-right:0px;padding-bottom:0px;padding-left:0px;}.wp-block-kadence-advancedheading.kt-adv-heading734_3573f6-72 img.kb-inline-image, .wp-block-kadence-advancedheading.kt-adv-heading734_3573f6-72[data-kb-block=\"kb-adv-heading734_3573f6-72\"] img.kb-inline-image{width:150px;vertical-align:baseline;}<\/style>\n<p class=\"kt-adv-heading734_3573f6-72 wp-block-kadence-advancedheading\" data-kb-block=\"kb-adv-heading734_3573f6-72\">Le site peut contenir des liens hypertextes vers d\u2019autres sites internet. Agence 4Y d\u00e9cline toute responsabilit\u00e9 quant aux contenus, informations et services propos\u00e9s sur les sites externes.<\/p>\n\n\n<style>.wp-block-kadence-advancedheading.kt-adv-heading734_c23398-85, .wp-block-kadence-advancedheading.kt-adv-heading734_c23398-85[data-kb-block=\"kb-adv-heading734_c23398-85\"]{font-style:normal;}.wp-block-kadence-advancedheading.kt-adv-heading734_c23398-85 mark.kt-highlight, .wp-block-kadence-advancedheading.kt-adv-heading734_c23398-85[data-kb-block=\"kb-adv-heading734_c23398-85\"] mark.kt-highlight{font-style:normal;color:#f76a0c;-webkit-box-decoration-break:clone;box-decoration-break:clone;padding-top:0px;padding-right:0px;padding-bottom:0px;padding-left:0px;}.wp-block-kadence-advancedheading.kt-adv-heading734_c23398-85 img.kb-inline-image, .wp-block-kadence-advancedheading.kt-adv-heading734_c23398-85[data-kb-block=\"kb-adv-heading734_c23398-85\"] img.kb-inline-image{width:150px;vertical-align:baseline;}<\/style>\n<h3 class=\"kt-adv-heading734_c23398-85 wp-block-kadence-advancedheading\" data-kb-block=\"kb-adv-heading734_c23398-85\">Protection des donn\u00e9es personnelles<\/h3>\n\n\n<style>.wp-block-kadence-advancedheading.kt-adv-heading734_6f5166-17, .wp-block-kadence-advancedheading.kt-adv-heading734_6f5166-17[data-kb-block=\"kb-adv-heading734_6f5166-17\"]{font-style:normal;}.wp-block-kadence-advancedheading.kt-adv-heading734_6f5166-17 mark.kt-highlight, .wp-block-kadence-advancedheading.kt-adv-heading734_6f5166-17[data-kb-block=\"kb-adv-heading734_6f5166-17\"] mark.kt-highlight{font-style:normal;color:#f76a0c;-webkit-box-decoration-break:clone;box-decoration-break:clone;padding-top:0px;padding-right:0px;padding-bottom:0px;padding-left:0px;}.wp-block-kadence-advancedheading.kt-adv-heading734_6f5166-17 img.kb-inline-image, .wp-block-kadence-advancedheading.kt-adv-heading734_6f5166-17[data-kb-block=\"kb-adv-heading734_6f5166-17\"] img.kb-inline-image{width:150px;vertical-align:baseline;}<\/style>\n<p class=\"kt-adv-heading734_6f5166-17 wp-block-kadence-advancedheading\" data-kb-block=\"kb-adv-heading734_6f5166-17\">En conformit\u00e9 avec la r\u00e9glementation en vigueur, y compris le R\u00e8glement G\u00e9n\u00e9ral sur la Protection des Donn\u00e9es (RGPD), les informations recueillies sur le site sont destin\u00e9es exclusivement \u00e0 Agence 4Y et ne sont pas transmises \u00e0 des tiers sans consentement pr\u00e9alable.<\/p>\n\n\n<style>.wp-block-kadence-advancedheading.kt-adv-heading734_0efb78-49, .wp-block-kadence-advancedheading.kt-adv-heading734_0efb78-49[data-kb-block=\"kb-adv-heading734_0efb78-49\"]{font-style:normal;}.wp-block-kadence-advancedheading.kt-adv-heading734_0efb78-49 mark.kt-highlight, .wp-block-kadence-advancedheading.kt-adv-heading734_0efb78-49[data-kb-block=\"kb-adv-heading734_0efb78-49\"] mark.kt-highlight{font-style:normal;color:#f76a0c;-webkit-box-decoration-break:clone;box-decoration-break:clone;padding-top:0px;padding-right:0px;padding-bottom:0px;padding-left:0px;}.wp-block-kadence-advancedheading.kt-adv-heading734_0efb78-49 img.kb-inline-image, .wp-block-kadence-advancedheading.kt-adv-heading734_0efb78-49[data-kb-block=\"kb-adv-heading734_0efb78-49\"] img.kb-inline-image{width:150px;vertical-align:baseline;}<\/style>\n<p class=\"kt-adv-heading734_0efb78-49 wp-block-kadence-advancedheading\" data-kb-block=\"kb-adv-heading734_0efb78-49\">Conform\u00e9ment \u00e0 la loi \u00ab\u00a0Informatique et Libert\u00e9s\u00a0\u00bb, vous disposez d\u2019un droit d&rsquo;acc\u00e8s, de rectification, de suppression et d&rsquo;opposition aux donn\u00e9es personnelles vous concernant. Vous pouvez exercer ce droit en contactant Agence 4Y par email \u00e0 l&rsquo;adresse suivante : contact@agence4y.fr<\/p>\n\n\n<style>.wp-block-kadence-advancedheading.kt-adv-heading734_9f8f25-c7, .wp-block-kadence-advancedheading.kt-adv-heading734_9f8f25-c7[data-kb-block=\"kb-adv-heading734_9f8f25-c7\"]{font-style:normal;}.wp-block-kadence-advancedheading.kt-adv-heading734_9f8f25-c7 mark.kt-highlight, .wp-block-kadence-advancedheading.kt-adv-heading734_9f8f25-c7[data-kb-block=\"kb-adv-heading734_9f8f25-c7\"] mark.kt-highlight{font-style:normal;color:#f76a0c;-webkit-box-decoration-break:clone;box-decoration-break:clone;padding-top:0px;padding-right:0px;padding-bottom:0px;padding-left:0px;}.wp-block-kadence-advancedheading.kt-adv-heading734_9f8f25-c7 img.kb-inline-image, .wp-block-kadence-advancedheading.kt-adv-heading734_9f8f25-c7[data-kb-block=\"kb-adv-heading734_9f8f25-c7\"] img.kb-inline-image{width:150px;vertical-align:baseline;}<\/style>\n<h3 class=\"kt-adv-heading734_9f8f25-c7 wp-block-kadence-advancedheading\" data-kb-block=\"kb-adv-heading734_9f8f25-c7\">Cookies<\/h3>\n\n\n\n<p class=\"wp-block-kadence-advancedheading\" data-kb-block=\"kb-adv-headingundefined\">Le site bal.agence4y.fr utilise des cookies pour am\u00e9liorer l&rsquo;exp\u00e9rience utilisateur et pour analyser la fr\u00e9quentation du site. Vous pouvez configurer votre navigateur pour accepter ou refuser les cookies.<br>Voir notre <a href=\"https:\/\/bal.agence4y.fr\/index.php\/politique-des-cookies\/\" data-type=\"page\" data-id=\"728\">politique de cookies<\/a>.<\/p>\n\n\n<style>.wp-block-kadence-advancedheading.kt-adv-heading734_2ac6ae-dd, .wp-block-kadence-advancedheading.kt-adv-heading734_2ac6ae-dd[data-kb-block=\"kb-adv-heading734_2ac6ae-dd\"]{font-style:normal;}.wp-block-kadence-advancedheading.kt-adv-heading734_2ac6ae-dd mark.kt-highlight, .wp-block-kadence-advancedheading.kt-adv-heading734_2ac6ae-dd[data-kb-block=\"kb-adv-heading734_2ac6ae-dd\"] mark.kt-highlight{font-style:normal;color:#f76a0c;-webkit-box-decoration-break:clone;box-decoration-break:clone;padding-top:0px;padding-right:0px;padding-bottom:0px;padding-left:0px;}.wp-block-kadence-advancedheading.kt-adv-heading734_2ac6ae-dd img.kb-inline-image, .wp-block-kadence-advancedheading.kt-adv-heading734_2ac6ae-dd[data-kb-block=\"kb-adv-heading734_2ac6ae-dd\"] img.kb-inline-image{width:150px;vertical-align:baseline;}<\/style>\n<h3 class=\"kt-adv-heading734_2ac6ae-dd wp-block-kadence-advancedheading\" data-kb-block=\"kb-adv-heading734_2ac6ae-dd\">Droit applicable<\/h3>\n\n\n<style>.wp-block-kadence-advancedheading.kt-adv-heading734_c998bc-bf, .wp-block-kadence-advancedheading.kt-adv-heading734_c998bc-bf[data-kb-block=\"kb-adv-heading734_c998bc-bf\"]{font-style:normal;}.wp-block-kadence-advancedheading.kt-adv-heading734_c998bc-bf mark.kt-highlight, .wp-block-kadence-advancedheading.kt-adv-heading734_c998bc-bf[data-kb-block=\"kb-adv-heading734_c998bc-bf\"] mark.kt-highlight{font-style:normal;color:#f76a0c;-webkit-box-decoration-break:clone;box-decoration-break:clone;padding-top:0px;padding-right:0px;padding-bottom:0px;padding-left:0px;}.wp-block-kadence-advancedheading.kt-adv-heading734_c998bc-bf img.kb-inline-image, .wp-block-kadence-advancedheading.kt-adv-heading734_c998bc-bf[data-kb-block=\"kb-adv-heading734_c998bc-bf\"] img.kb-inline-image{width:150px;vertical-align:baseline;}<\/style>\n<p class=\"kt-adv-heading734_c998bc-bf wp-block-kadence-advancedheading\" data-kb-block=\"kb-adv-heading734_c998bc-bf\">Les pr\u00e9sentes mentions l\u00e9gales sont r\u00e9gies par le droit fran\u00e7ais. En cas de litige, et \u00e0 d\u00e9faut d\u2019accord amiable, le Tribunal de Commerce de Saint Denis de la R\u00e9union est seul comp\u00e9tent.<\/p>\n","protected":false},"excerpt":{"rendered":"<p>Mentions l\u00e9gales \u00c9diteur du site Le site internet www.agence4y.fr est \u00e9dit\u00e9 par : Agence 4Y Soci\u00e9t\u00e9 SAS au capital de 1000 \u20ac Immatricul\u00e9e au Registre du Commerce et des Soci\u00e9t\u00e9s de Saint-Denis sous le num\u00e9ro SIRET : 93127230600016 Si\u00e8ge social : 14 All\u00e9e des Primev\u00e8res 97490 Sainte Clotilde Email : contact@agence4f.fr Directeur de publication :&#8230;<\/p>\n","protected":false},"author":1,"featured_media":0,"parent":0,"menu_order":0,"comment_status":"closed","ping_status":"closed","template":"","meta":{"_kad_post_transparent":"","_kad_post_title":"","_kad_post_layout":"","_kad_post_sidebar_id":"","_kad_post_content_style":"","_kad_post_vertical_padding":"","_kad_post_feature":"","_kad_post_feature_position":"","_kad_post_header":false,"_kad_post_footer":false,"_kad_post_classname":"","footnotes":""},"class_list":["post-734","page","type-page","status-publish","hentry"],"_links":{"self":[{"href":"https:\/\/bal.agence4y.fr\/index.php\/wp-json\/wp\/v2\/pages\/734","targetHints":{"allow":["GET"]}}],"collection":[{"href":"https:\/\/bal.agence4y.fr\/index.php\/wp-json\/wp\/v2\/pages"}],"about":[{"href":"https:\/\/bal.agence4y.fr\/index.php\/wp-json\/wp\/v2\/types\/page"}],"author":[{"embeddable":true,"href":"https:\/\/bal.agence4y.fr\/index.php\/wp-json\/wp\/v2\/users\/1"}],"replies":[{"embeddable":true,"href":"https:\/\/bal.agence4y.fr\/index.php\/wp-json\/wp\/v2\/comments?post=734"}],"version-history":[{"count":2,"href":"https:\/\/bal.agence4y.fr\/index.php\/wp-json\/wp\/v2\/pages\/734\/revisions"}],"predecessor-version":[{"id":736,"href":"https:\/\/bal.agence4y.fr\/index.php\/wp-json\/wp\/v2\/pages\/734\/revisions\/736"}],"wp:attachment":[{"href":"https:\/\/bal.agence4y.fr\/index.php\/wp-json\/wp\/v2\/media?parent=734"}],"curies":[{"name":"wp","href":"https:\/\/api.w.org\/{rel}","templated":true}]}}