{"id":999,"date":"2025-08-12T11:51:36","date_gmt":"2025-08-12T07:51:36","guid":{"rendered":"https:\/\/bal.agence4y.fr\/?page_id=999"},"modified":"2025-08-20T21:51:28","modified_gmt":"2025-08-20T17:51:28","slug":"be-our-guest","status":"publish","type":"page","link":"https:\/\/bal.agence4y.fr\/index.php\/be-our-guest\/","title":{"rendered":"Be our Guest"},"content":{"rendered":"<style>.kb-row-layout-id999_d145af-ae > .kt-row-column-wrap{align-content:center;}:where(.kb-row-layout-id999_d145af-ae > .kt-row-column-wrap) > .wp-block-kadence-column{justify-content:center;}.kb-row-layout-id999_d145af-ae > .kt-row-column-wrap{column-gap:var(--global-kb-gap-none, 0rem );row-gap:var(--global-kb-gap-md, 2rem);max-width:var( --global-content-width, 1290px );padding-left:var(--global-content-edge-padding);padding-right:var(--global-content-edge-padding);padding-top:var(--global-kb-spacing-xl, 4rem);padding-bottom:var(--global-kb-spacing-xxl, 5rem);grid-template-columns:minmax(0, 1fr);}.kb-row-layout-id999_d145af-ae{background-image:url('https:\/\/bal.agence4y.fr\/wp-content\/uploads\/2025\/05\/texture-carte.jpg');background-size:cover;background-position:center center;background-attachment:scroll;background-repeat:no-repeat;}.kb-row-layout-id999_d145af-ae > .kt-row-layout-overlay{opacity:0.30;}@media all and (max-width: 1024px){.kb-row-layout-id999_d145af-ae > .kt-row-column-wrap{grid-template-columns:minmax(0, 1fr);}}@media all and (max-width: 767px){.kb-row-layout-id999_d145af-ae > .kt-row-column-wrap{grid-template-columns:minmax(0, 1fr);}}<\/style><div class=\"kb-row-layout-wrap kb-row-layout-id999_d145af-ae alignfull has-theme-palette3-background-color kt-row-has-bg wp-block-kadence-rowlayout\"><div class=\"kt-row-column-wrap kt-has-1-columns kt-row-layout-equal kt-tab-layout-inherit kt-mobile-layout-row kt-row-valign-middle kb-theme-content-width\">\n<style>.kadence-column999_45b3a9-13 > .kt-inside-inner-col{display:flex;}.kadence-column999_45b3a9-13 > .kt-inside-inner-col,.kadence-column999_45b3a9-13 > .kt-inside-inner-col:before{border-top-left-radius:0px;border-top-right-radius:0px;border-bottom-right-radius:0px;border-bottom-left-radius:0px;}.kadence-column999_45b3a9-13 > .kt-inside-inner-col{column-gap:var(--global-kb-gap-sm, 1rem);}.kadence-column999_45b3a9-13 > .kt-inside-inner-col{flex-direction:column;justify-content:center;align-items:center;}.kadence-column999_45b3a9-13 > .kt-inside-inner-col > .kb-image-is-ratio-size{align-self:stretch;}.kadence-column999_45b3a9-13 > .kt-inside-inner-col > .wp-block-kadence-advancedgallery{align-self:stretch;}.kadence-column999_45b3a9-13 > .kt-inside-inner-col > .aligncenter{width:100%;}.kt-row-column-wrap > .kadence-column999_45b3a9-13{align-self:center;}.kt-inner-column-height-full:not(.kt-has-1-columns) > .wp-block-kadence-column.kadence-column999_45b3a9-13{align-self:auto;}.kt-inner-column-height-full:not(.kt-has-1-columns) > .wp-block-kadence-column.kadence-column999_45b3a9-13 > .kt-inside-inner-col{flex-direction:column;justify-content:center;}.kadence-column999_45b3a9-13 > .kt-inside-inner-col:before{opacity:0.3;}.kadence-column999_45b3a9-13{position:relative;}.kadence-column999_45b3a9-13, .kt-inside-inner-col > .kadence-column999_45b3a9-13:not(.specificity){margin-right:0px;}@media all and (max-width: 1024px){.kadence-column999_45b3a9-13 > .kt-inside-inner-col{padding-right:var(--global-kb-spacing-3xl, 6.5rem);padding-left:var(--global-kb-spacing-3xl, 6.5rem);flex-direction:column;justify-content:center;align-items:center;}}@media all and (max-width: 1024px){.kt-row-column-wrap > .kadence-column999_45b3a9-13{align-self:center;}}@media all and (max-width: 1024px){.kt-inner-column-height-full:not(.kt-has-1-columns) > .wp-block-kadence-column.kadence-column999_45b3a9-13{align-self:auto;}}@media all and (max-width: 1024px){.kt-inner-column-height-full:not(.kt-has-1-columns) > .wp-block-kadence-column.kadence-column999_45b3a9-13 > .kt-inside-inner-col{flex-direction:column;justify-content:center;}}@media all and (max-width: 1024px){.kadence-column999_45b3a9-13, .kt-inside-inner-col > .kadence-column999_45b3a9-13:not(.specificity){margin-right:0px;margin-bottom:var(--global-kb-spacing-md, 2rem);}}@media all and (max-width: 767px){.kadence-column999_45b3a9-13 > .kt-inside-inner-col{padding-right:var(--global-kb-spacing-xxs, 0.5rem);padding-left:var(--global-kb-spacing-xxs, 0.5rem);flex-direction:column;justify-content:center;align-items:center;}.kt-row-column-wrap > .kadence-column999_45b3a9-13{align-self:center;}.kt-inner-column-height-full:not(.kt-has-1-columns) > .wp-block-kadence-column.kadence-column999_45b3a9-13{align-self:auto;}.kt-inner-column-height-full:not(.kt-has-1-columns) > .wp-block-kadence-column.kadence-column999_45b3a9-13 > .kt-inside-inner-col{flex-direction:column;justify-content:center;}}<\/style>\n<div class=\"wp-block-kadence-column kadence-column999_45b3a9-13 inner-column-1\"><div class=\"kt-inside-inner-col\"><style>.wp-block-kadence-advancedheading.kt-adv-heading999_cf28dc-ea, .wp-block-kadence-advancedheading.kt-adv-heading999_cf28dc-ea[data-kb-block=\"kb-adv-heading999_cf28dc-ea\"]{padding-top:0px;text-align:center;font-size:var(--global-kb-font-size-xl, 3rem);font-style:normal;color:#4a300b;}.wp-block-kadence-advancedheading.kt-adv-heading999_cf28dc-ea mark.kt-highlight, .wp-block-kadence-advancedheading.kt-adv-heading999_cf28dc-ea[data-kb-block=\"kb-adv-heading999_cf28dc-ea\"] mark.kt-highlight{font-style:normal;color:#f76a0c;-webkit-box-decoration-break:clone;box-decoration-break:clone;padding-top:0px;padding-right:0px;padding-bottom:0px;padding-left:0px;}.wp-block-kadence-advancedheading.kt-adv-heading999_cf28dc-ea img.kb-inline-image, .wp-block-kadence-advancedheading.kt-adv-heading999_cf28dc-ea[data-kb-block=\"kb-adv-heading999_cf28dc-ea\"] img.kb-inline-image{width:150px;vertical-align:baseline;}<\/style>\n<h2 class=\"kt-adv-heading999_cf28dc-ea wp-block-kadence-advancedheading\" data-kb-block=\"kb-adv-heading999_cf28dc-ea\">Cher\u00b7e Invit\u00e9\u00b7e,<\/h2>\n\n\n<style>.wp-block-kadence-advancedheading.kt-adv-heading999_945427-fe, .wp-block-kadence-advancedheading.kt-adv-heading999_945427-fe[data-kb-block=\"kb-adv-heading999_945427-fe\"]{margin-top:0px;margin-bottom:var(--global-kb-spacing-sm, 1.5rem);text-align:center;font-size:var(--global-kb-font-size-lg, 2rem);line-height:1.3;font-style:normal;color:#4a300b;}.wp-block-kadence-advancedheading.kt-adv-heading999_945427-fe mark.kt-highlight, .wp-block-kadence-advancedheading.kt-adv-heading999_945427-fe[data-kb-block=\"kb-adv-heading999_945427-fe\"] mark.kt-highlight{font-style:normal;color:#f76a0c;-webkit-box-decoration-break:clone;box-decoration-break:clone;padding-top:0px;padding-right:0px;padding-bottom:0px;padding-left:0px;}.wp-block-kadence-advancedheading.kt-adv-heading999_945427-fe img.kb-inline-image, .wp-block-kadence-advancedheading.kt-adv-heading999_945427-fe[data-kb-block=\"kb-adv-heading999_945427-fe\"] img.kb-inline-image{width:150px;vertical-align:baseline;}<\/style>\n<h3 class=\"kt-adv-heading999_945427-fe wp-block-kadence-advancedheading\" data-kb-block=\"kb-adv-heading999_945427-fe\">Vos pas vous ont guid\u00e9 au-del\u00e0 des fronti\u00e8res\u2026<\/h3>\n\n\n<style>.wp-block-kadence-advancedheading.kt-adv-heading999_efe5ec-3f, .wp-block-kadence-advancedheading.kt-adv-heading999_efe5ec-3f[data-kb-block=\"kb-adv-heading999_efe5ec-3f\"]{padding-bottom:var(--global-kb-spacing-md, 2rem);margin-bottom:0px;text-align:center;line-height:1.6;font-style:normal;color:#4a300b;}.wp-block-kadence-advancedheading.kt-adv-heading999_efe5ec-3f mark.kt-highlight, .wp-block-kadence-advancedheading.kt-adv-heading999_efe5ec-3f[data-kb-block=\"kb-adv-heading999_efe5ec-3f\"] mark.kt-highlight{font-style:normal;color:#f76a0c;-webkit-box-decoration-break:clone;box-decoration-break:clone;padding-top:0px;padding-right:0px;padding-bottom:0px;padding-left:0px;}.wp-block-kadence-advancedheading.kt-adv-heading999_efe5ec-3f img.kb-inline-image, .wp-block-kadence-advancedheading.kt-adv-heading999_efe5ec-3f[data-kb-block=\"kb-adv-heading999_efe5ec-3f\"] img.kb-inline-image{width:150px;vertical-align:baseline;}<\/style>\n<h5 class=\"kt-adv-heading999_efe5ec-3f wp-block-kadence-advancedheading\" data-kb-block=\"kb-adv-heading999_efe5ec-3f\">Aujourd\u2019hui, vous quittez la route des Nomades pour entrer dans <strong>le Cercle des Invit\u00e9s<\/strong> du Bal des 4 Royaumes.<br><br>Une cl\u00e9 invisible vient de vous \u00eatre confi\u00e9e. Elle ouvrira, le <strong>vendredi 20 f\u00e9vrier 2026<\/strong>, les portes d\u2019Astrya pour une soir\u00e9e d\u2019\u00e9l\u00e9gance, de magie et de myst\u00e8re.<br><br>Rejoignez d\u00e8s maintenant la Communaut\u00e9 sur Discord :<\/h5>\n\n\n<style>.wp-block-kadence-advancedbtn.kb-btns999_af3d0f-14{gap:var(--global-kb-gap-xs, 0.5rem );justify-content:center;align-items:center;}.kt-btns999_af3d0f-14 .kt-button{font-weight:normal;font-style:normal;}.kt-btns999_af3d0f-14 .kt-btn-wrap-0{margin-right:5px;}.wp-block-kadence-advancedbtn.kt-btns999_af3d0f-14 .kt-btn-wrap-0 .kt-button{color:#555555;border-color:#555555;}.wp-block-kadence-advancedbtn.kt-btns999_af3d0f-14 .kt-btn-wrap-0 .kt-button:hover, .wp-block-kadence-advancedbtn.kt-btns999_af3d0f-14 .kt-btn-wrap-0 .kt-button:focus{color:#ffffff;border-color:#444444;}.wp-block-kadence-advancedbtn.kt-btns999_af3d0f-14 .kt-btn-wrap-0 .kt-button::before{display:none;}.wp-block-kadence-advancedbtn.kt-btns999_af3d0f-14 .kt-btn-wrap-0 .kt-button:hover, .wp-block-kadence-advancedbtn.kt-btns999_af3d0f-14 .kt-btn-wrap-0 .kt-button:focus{background:#444444;}<\/style>\n<div class=\"wp-block-kadence-advancedbtn kb-buttons-wrap kb-btns999_af3d0f-14\"><style>ul.menu .wp-block-kadence-advancedbtn .kb-btn999_721421-be.kb-button{width:initial;}.wp-block-kadence-advancedbtn .kb-btn999_721421-be.kb-button{color:#4a300b;border-top:1px solid #4a300b;border-right:1px solid #4a300b;border-bottom:1px solid #4a300b;border-left:1px solid #4a300b;}.wp-block-kadence-advancedbtn .kb-btn999_721421-be.kb-button:hover, .wp-block-kadence-advancedbtn .kb-btn999_721421-be.kb-button:focus{color:var(--global-palette8, #F7FAFC);background:#4a300b;border-top:1px solid #4a300b;border-right:1px solid #4a300b;border-bottom:1px solid #4a300b;border-left:1px solid #4a300b;}@media all and (max-width: 1024px){.wp-block-kadence-advancedbtn .kb-btn999_721421-be.kb-button{border-top:1px solid #4a300b;border-right:1px solid #4a300b;border-bottom:1px solid #4a300b;border-left:1px solid #4a300b;}}@media all and (max-width: 1024px){.wp-block-kadence-advancedbtn .kb-btn999_721421-be.kb-button:hover, .wp-block-kadence-advancedbtn .kb-btn999_721421-be.kb-button:focus{border-top:1px solid #4a300b;border-right:1px solid #4a300b;border-bottom:1px solid #4a300b;border-left:1px solid #4a300b;}}@media all and (max-width: 767px){.wp-block-kadence-advancedbtn .kb-btn999_721421-be.kb-button{border-top:1px solid #4a300b;border-right:1px solid #4a300b;border-bottom:1px solid #4a300b;border-left:1px solid #4a300b;}.wp-block-kadence-advancedbtn .kb-btn999_721421-be.kb-button:hover, .wp-block-kadence-advancedbtn .kb-btn999_721421-be.kb-button:focus{border-top:1px solid #4a300b;border-right:1px solid #4a300b;border-bottom:1px solid #4a300b;border-left:1px solid #4a300b;}}<\/style><a class=\"kb-button kt-button button kb-btn999_721421-be kt-btn-size-standard kt-btn-width-type-auto kb-btn-global-fill  kt-btn-has-text-true kt-btn-has-svg-false  wp-block-kadence-singlebtn\" href=\"https:\/\/discord.gg\/3W7h7a3sb9\" target=\"_blank\" rel=\"noreferrer noopener\"><span class=\"kt-btn-inner-text\">Rejoindre le Discord<\/span><\/a><\/div>\n\n\n<style>.wp-block-kadence-advancedheading.kt-adv-heading999_91891f-17, .wp-block-kadence-advancedheading.kt-adv-heading999_91891f-17[data-kb-block=\"kb-adv-heading999_91891f-17\"]{text-align:center;font-style:normal;color:#4a300b;}.wp-block-kadence-advancedheading.kt-adv-heading999_91891f-17 mark.kt-highlight, .wp-block-kadence-advancedheading.kt-adv-heading999_91891f-17[data-kb-block=\"kb-adv-heading999_91891f-17\"] mark.kt-highlight{font-style:normal;color:#f76a0c;-webkit-box-decoration-break:clone;box-decoration-break:clone;padding-top:0px;padding-right:0px;padding-bottom:0px;padding-left:0px;}.wp-block-kadence-advancedheading.kt-adv-heading999_91891f-17 img.kb-inline-image, .wp-block-kadence-advancedheading.kt-adv-heading999_91891f-17[data-kb-block=\"kb-adv-heading999_91891f-17\"] img.kb-inline-image{width:150px;vertical-align:baseline;}<\/style>\n<h5 class=\"kt-adv-heading999_91891f-17 wp-block-kadence-advancedheading\" data-kb-block=\"kb-adv-heading999_91891f-17\">Retrouvez vos futurs compagnons de bal, partagez vos pr\u00e9paratifs et laissez-vous d\u00e9j\u00e0 emporter par l\u2019histoire\u2026<br><br>Une soir\u00e9e unique vous attend\u2026 et vous en \u00eates d\u00e9sormais l\u2019un des protagonistes !<br><br>Votre nom est inscrit dans <strong>le Livre des Invit\u00e9s.<\/strong><br><br>Les \u00e9toiles ont scell\u00e9 votre destin\u2026<br><br><strong>Les portes des Royaumes s\u2019ouvriront pour vous.<\/strong><\/h5>\n<\/div><\/div>\n\n<\/div><\/div>\n\n\n<figure class=\"wp-block-pullquote has-theme-palette-1-color has-text-color has-link-color wp-elements-c16205c2d820c985a70cb0c45f35c569\"><blockquote><p>\u00ab\u00a0Quatre c\u0153urs, un seul battement.\u00a0\u00bb<\/p><cite>Devise d&rsquo;ASTRYA<\/cite><\/blockquote><\/figure>\n","protected":false},"excerpt":{"rendered":"<p>Cher\u00b7e Invit\u00e9\u00b7e, Vos pas vous ont guid\u00e9 au-del\u00e0 des fronti\u00e8res\u2026 Aujourd\u2019hui, vous quittez la route des Nomades pour entrer dans le Cercle des Invit\u00e9s du Bal des 4 Royaumes. Une cl\u00e9 invisible vient de vous \u00eatre confi\u00e9e. Elle ouvrira, le vendredi 20 f\u00e9vrier 2026, les portes d\u2019Astrya pour une soir\u00e9e d\u2019\u00e9l\u00e9gance, de magie et de&#8230;<\/p>\n","protected":false},"author":1,"featured_media":0,"parent":0,"menu_order":0,"comment_status":"closed","ping_status":"closed","template":"","meta":{"_kad_post_transparent":"","_kad_post_title":"","_kad_post_layout":"","_kad_post_sidebar_id":"","_kad_post_content_style":"","_kad_post_vertical_padding":"","_kad_post_feature":"","_kad_post_feature_position":"","_kad_post_header":false,"_kad_post_footer":false,"_kad_post_classname":"","footnotes":""},"class_list":["post-999","page","type-page","status-publish","hentry"],"_links":{"self":[{"href":"https:\/\/bal.agence4y.fr\/index.php\/wp-json\/wp\/v2\/pages\/999","targetHints":{"allow":["GET"]}}],"collection":[{"href":"https:\/\/bal.agence4y.fr\/index.php\/wp-json\/wp\/v2\/pages"}],"about":[{"href":"https:\/\/bal.agence4y.fr\/index.php\/wp-json\/wp\/v2\/types\/page"}],"author":[{"embeddable":true,"href":"https:\/\/bal.agence4y.fr\/index.php\/wp-json\/wp\/v2\/users\/1"}],"replies":[{"embeddable":true,"href":"https:\/\/bal.agence4y.fr\/index.php\/wp-json\/wp\/v2\/comments?post=999"}],"version-history":[{"count":15,"href":"https:\/\/bal.agence4y.fr\/index.php\/wp-json\/wp\/v2\/pages\/999\/revisions"}],"predecessor-version":[{"id":1190,"href":"https:\/\/bal.agence4y.fr\/index.php\/wp-json\/wp\/v2\/pages\/999\/revisions\/1190"}],"wp:attachment":[{"href":"https:\/\/bal.agence4y.fr\/index.php\/wp-json\/wp\/v2\/media?parent=999"}],"curies":[{"name":"wp","href":"https:\/\/api.w.org\/{rel}","templated":true}]}}